{"id":98,"date":"2025-02-13T13:03:19","date_gmt":"2025-02-13T13:03:19","guid":{"rendered":"https:\/\/r\u00f8kind.dk\/?page_id=98"},"modified":"2026-05-11T08:52:15","modified_gmt":"2026-05-11T06:52:15","slug":"tilmelding-til-arrangement","status":"publish","type":"page","link":"https:\/\/r\u00f8kind.dk\/?page_id=98","title":{"rendered":"Behandlingstilbud"},"content":{"rendered":"\n<h4 class=\"wp-block-heading\"><strong>Indledende konsultation<\/strong> 1\u00bd &#8211; 2 timer + opf. samtale\/mail m. behandlingsplan<\/h4>\n\n\n\n<ul class=\"wp-block-list\">\n<li>Samtale (anamnese) <\/li>\n\n\n\n<li>Klinisk unders\u00f8gelse<\/li>\n\n\n\n<li>Irisanalyse<\/li>\n\n\n\n<li>Posturologisk analyse\/muskeltest<\/li>\n\n\n\n<li>Hvidlystest\/auriculoterapi<\/li>\n\n\n\n<li>Posturologisk analyse\/muskeltest<\/li>\n\n\n\n<li>Analyse og behandlingsplan. <br><br>l\u00e6s mere detaljeret om den indledende konsultation <a href=\"https:\/\/r\u00f8kind.dk\/?page_id=478\" data-type=\"page\" data-id=\"478\">her.<\/a>..<\/li>\n<\/ul>\n\n\n\n<h4 class=\"wp-block-heading\"><strong>Opf\u00f8lgende behandling ca. 1 times varighed<\/strong><\/h4>\n\n\n\n<ul class=\"wp-block-list\">\n<li>Opf\u00f8lgning p\u00e5 sidste konsultation<\/li>\n\n\n\n<li>Evt. justering af hom\u00f8opatiske midler<\/li>\n\n\n\n<li>Individuel manuel terapi alt efter problematik :\n<ul class=\"wp-block-list\">\n<li>Akupunktur<\/li>\n\n\n\n<li>Lysbehandling<\/li>\n\n\n\n<li>Sugekopterapi<\/li>\n\n\n\n<li>Traumekorrektion\/energiafbalancering<\/li>\n<\/ul>\n<\/li>\n\n\n\n<li><\/li>\n<\/ul>\n\n\n\n<p>______<br><br><strong>Kinergetics RESET<\/strong> som enkeltst\u00e5ende behandling<\/p>\n\n\n\n<ul class=\"wp-block-list\">\n<li>Kinesiologisk afbalancering med tid til at g\u00e5 i dybden heriblandt:\n<ul class=\"wp-block-list\">\n<li>Hydrering &amp; test af evt. mineral og vitaminmangler<\/li>\n\n\n\n<li>Afbalancering af k\u00e6be og\/eller muskelsp\u00e6ndinger<\/li>\n\n\n\n<li>Traumekorrektioner <\/li>\n\n\n\n<li>Afbalancering af lyslegemer og energifelter<\/li>\n<\/ul>\n<\/li>\n<\/ul>\n\n\n\n<details class=\"wp-block-details is-layout-flow wp-block-details-is-layout-flow\"><summary><\/summary><style id=\"wpforms-css-vars-89-block-5733671d-9a6f-4a89-95fc-6f5c00d9e876\">\n\t\t\t\t#wpforms-89.wpforms-block-5733671d-9a6f-4a89-95fc-6f5c00d9e876 {\n\t\t\t\t--wpforms-field-size-input-height: 43px;\n--wpforms-field-size-input-spacing: 15px;\n--wpforms-field-size-font-size: 16px;\n--wpforms-field-size-line-height: 19px;\n--wpforms-field-size-padding-h: 14px;\n--wpforms-field-size-checkbox-size: 16px;\n--wpforms-field-size-sublabel-spacing: 5px;\n--wpforms-field-size-icon-size: 1;\n--wpforms-label-size-font-size: 16px;\n--wpforms-label-size-line-height: 19px;\n--wpforms-label-size-sublabel-font-size: 14px;\n--wpforms-label-size-sublabel-line-height: 17px;\n--wpforms-button-size-font-size: 17px;\n--wpforms-button-size-height: 41px;\n--wpforms-button-size-padding-h: 15px;\n--wpforms-button-size-margin-top: 10px;\n\t\t\t}\n\t\t\t<\/style><div class=\"wpforms-container wpforms-container-full wpforms-block wpforms-block-5733671d-9a6f-4a89-95fc-6f5c00d9e876 wpforms-render-modern\" id=\"wpforms-89\"><form id=\"wpforms-form-89\" class=\"wpforms-validate wpforms-form wpforms-ajax-form\" data-formid=\"89\" method=\"post\" enctype=\"multipart\/form-data\" action=\"\/index.php?rest_route=%2Fwp%2Fv2%2Fpages%2F98\" data-token=\"01452917c18f49f16f5316fa98550749\" data-token-time=\"1778676742\"><noscript class=\"wpforms-error-noscript\">Please enable JavaScript in your browser to complete this form.<\/noscript><div id=\"wpforms-error-noscript\" style=\"display: none;\">Please enable JavaScript in your browser to complete this form.<\/div><div class=\"wpforms-field-container\"><div id=\"wpforms-89-field_8-container\" class=\"wpforms-field wpforms-field-select wpforms-field-select-style-classic\" data-field-id=\"8\"><label class=\"wpforms-field-label\" for=\"wpforms-89-field_8\">Kontakt mig her &#8211; v\u00e6lg i feltet herunder <span class=\"wpforms-required-label\" aria-hidden=\"true\">*<\/span><\/label><select id=\"wpforms-89-field_8\" class=\"wpforms-field-large wpforms-field-required\" name=\"wpforms[fields][8]\" required=\"required\"><option value=\"Indledende konsultation\"  class=\"choice-2 depth-1\"  >Indledende konsultation<\/option><option value=\"Opf\u00f8lgende konsultation\"  class=\"choice-3 depth-1\"  >Opf\u00f8lgende konsultation<\/option><option value=\"Kinesiologisk behandling\"  class=\"choice-4 depth-1\"  >Kinesiologisk behandling<\/option><option value=\"Sp\u00f8rgsm\u00e5l til igangv\u00e6rende behandling\"  class=\"choice-5 depth-1\"  >Sp\u00f8rgsm\u00e5l til igangv\u00e6rende behandling<\/option><option value=\"Generelle sp\u00f8rgsm\u00e5l\"  class=\"choice-6 depth-1\"  >Generelle sp\u00f8rgsm\u00e5l<\/option><\/select><\/div>\t\t<div id=\"wpforms-89-field_4-container\"\n\t\t\tclass=\"wpforms-field wpforms-field-text\"\n\t\t\tdata-field-type=\"text\"\n\t\t\tdata-field-id=\"4\"\n\t\t\t>\n\t\t\t<label class=\"wpforms-field-label\" for=\"wpforms-89-field_4\" >feltet &#8211; Din<\/label>\n\t\t\t<input type=\"text\" id=\"wpforms-89-field_4\" class=\"wpforms-field-medium\" name=\"wpforms[fields][4]\" >\n\t\t<\/div>\n\t\t<div id=\"wpforms-89-field_1-container\" class=\"wpforms-field wpforms-field-name\" data-field-id=\"1\"><label class=\"wpforms-field-label\" for=\"wpforms-89-field_1\">Navn <span class=\"wpforms-required-label\" aria-hidden=\"true\">*<\/span><\/label><input type=\"text\" id=\"wpforms-89-field_1\" class=\"wpforms-field-large wpforms-field-required\" name=\"wpforms[fields][1]\" aria-errormessage=\"wpforms-89-field_1-error\" required><\/div><div id=\"wpforms-89-field_2-container\" class=\"wpforms-field wpforms-field-email\" data-field-id=\"2\"><label class=\"wpforms-field-label\" for=\"wpforms-89-field_2\">Email <span class=\"wpforms-required-label\" aria-hidden=\"true\">*<\/span><\/label><input type=\"email\" id=\"wpforms-89-field_2\" class=\"wpforms-field-large wpforms-field-required\" name=\"wpforms[fields][2]\" spellcheck=\"false\" aria-errormessage=\"wpforms-89-field_2-error\" required><\/div><div id=\"wpforms-89-field_3-container\" class=\"wpforms-field wpforms-field-textarea\" data-field-id=\"3\"><label class=\"wpforms-field-label\" for=\"wpforms-89-field_3\">Din meddelelse<\/label><textarea id=\"wpforms-89-field_3\" class=\"wpforms-field-medium\" name=\"wpforms[fields][3]\" aria-errormessage=\"wpforms-89-field_3-error\" >Skriv gerne uddybende vdr. henvendelsen<\/textarea><\/div><script>\n\t\t\t\t( function() {\n\t\t\t\t\tconst style = document.createElement( 'style' );\n\t\t\t\t\tstyle.appendChild( document.createTextNode( '#wpforms-89-field_4-container { position: absolute !important; overflow: hidden !important; display: inline !important; height: 1px !important; width: 1px !important; z-index: -1000 !important; padding: 0 !important; } #wpforms-89-field_4-container input { visibility: hidden; } #wpforms-conversational-form-page #wpforms-89-field_4-container label { counter-increment: none; }' ) );\n\t\t\t\t\tdocument.head.appendChild( style );\n\t\t\t\t\tdocument.currentScript?.remove();\n\t\t\t\t} )();\n\t\t\t<\/script><\/div><!-- .wpforms-field-container --><div class=\"wpforms-submit-container\" ><input type=\"hidden\" name=\"wpforms[id]\" value=\"89\"><input type=\"hidden\" name=\"page_title\" value=\"\"><input type=\"hidden\" name=\"page_url\" value=\"https:\/\/r\u00f8kind.dk\/index.php?rest_route=\/wp\/v2\/pages\/98\"><input type=\"hidden\" name=\"url_referer\" value=\"\"><button type=\"submit\" name=\"wpforms[submit]\" id=\"wpforms-submit-89\" class=\"wpforms-submit\" data-alt-text=\"Sender...\" data-submit-text=\"Send\" aria-live=\"assertive\" value=\"wpforms-submit\">Send<\/button><img loading=\"lazy\" decoding=\"async\" src=\"https:\/\/r\u00f8kind.dk\/wp-content\/plugins\/wpforms-lite\/assets\/images\/submit-spin.svg\" class=\"wpforms-submit-spinner\" style=\"display: none;\" width=\"26\" height=\"26\" alt=\"Loading\"><\/div><\/form><\/div>  <!-- .wpforms-container --><\/details>\n\n\n\n<p><\/p>\n\n\n\n<p><\/p>\n","protected":false},"excerpt":{"rendered":"<p>Indledende konsultation 1\u00bd &#8211; 2 timer + opf. samtale\/mail m. behandlingsplan Opf\u00f8lgende behandling ca. 1 times varighed ______ Kinergetics RESET som enkeltst\u00e5ende behandling<\/p>\n","protected":false},"author":1,"featured_media":0,"parent":0,"menu_order":0,"comment_status":"closed","ping_status":"closed","template":"","meta":{"footnotes":""},"class_list":["post-98","page","type-page","status-publish","hentry","post"],"_links":{"self":[{"href":"https:\/\/r\u00f8kind.dk\/index.php?rest_route=\/wp\/v2\/pages\/98","targetHints":{"allow":["GET"]}}],"collection":[{"href":"https:\/\/r\u00f8kind.dk\/index.php?rest_route=\/wp\/v2\/pages"}],"about":[{"href":"https:\/\/r\u00f8kind.dk\/index.php?rest_route=\/wp\/v2\/types\/page"}],"author":[{"embeddable":true,"href":"https:\/\/r\u00f8kind.dk\/index.php?rest_route=\/wp\/v2\/users\/1"}],"replies":[{"embeddable":true,"href":"https:\/\/r\u00f8kind.dk\/index.php?rest_route=%2Fwp%2Fv2%2Fcomments&post=98"}],"version-history":[{"count":36,"href":"https:\/\/r\u00f8kind.dk\/index.php?rest_route=\/wp\/v2\/pages\/98\/revisions"}],"predecessor-version":[{"id":704,"href":"https:\/\/r\u00f8kind.dk\/index.php?rest_route=\/wp\/v2\/pages\/98\/revisions\/704"}],"wp:attachment":[{"href":"https:\/\/r\u00f8kind.dk\/index.php?rest_route=%2Fwp%2Fv2%2Fmedia&parent=98"}],"curies":[{"name":"wp","href":"https:\/\/api.w.org\/{rel}","templated":true}]}}