{"id":617,"date":"2026-02-23T09:03:42","date_gmt":"2026-02-23T08:03:42","guid":{"rendered":"https:\/\/r\u00f8kind.dk\/?page_id=617"},"modified":"2026-05-11T08:57:55","modified_gmt":"2026-05-11T06:57:55","slug":"om-almen-naturmedicinsk-praksis","status":"publish","type":"page","link":"https:\/\/r\u00f8kind.dk\/?page_id=617","title":{"rendered":"Hvad er Almen Naturmedicin"},"content":{"rendered":"\n<p><strong>OM ALMEN NATURMEDICINSK PRAKSIS<\/strong><br>En Almen Praktiserende Naturmediciner er det man p\u00e5 tysk kalder en \u201dHeilpraktiker\u201d.<br>I Tyskland benyttes heilpraktikeren til sygdomsforebyggelse og komplement\u00e6r behandling og som supplement til den alm. praktiserende l\u00e6ge. En stor del af naturmedicinerens v\u00e6rkt\u00f8jer er de hom\u00f8opatiske l\u00e6gemidler og cellesalte der bygger p\u00e5 kroppens egne helbredelses- og opretholdelses-mekanismer. <br>Man kigger p\u00e5 skelet\u00e6re og muskul\u00e6re ubalancer (posturologi) afd\u00e6kker problemfelter via auriculoterapi. Her ligger ofte vigtige blokeringer og informationer om hvad der egentlig er p\u00e5 f\u00e6rde i kroppen.<br>Derudover er viden om urters egenskaber, samt de vitale egenskaber vitaminer, mineraler og sporstoffer har for kroppen ogs\u00e5 en stor del af v\u00e6rkt\u00f8jskassen . Sidst men ikke mindst er kost og kostvejledning ofte central for at s\u00e6tte kroppens eget naturlige \u201dafgiftnings-system\u201d i gang. <br><br><strong>Med naturmedicinen vil kroppen altid arbejde p\u00e5 at g\u00f8re dig rask.<\/strong> <br>Kroppen bruger lunger, tarme, nyrer og hud til at skille sig af med det, den ikke har brug for. N\u00e5r du bliver syg, er det ofte et tegn p\u00e5 at kroppen af forskellige \u00e5rsager, ikke kan arbejde som den skal, eller er ved at fors\u00f8ge at bek\u00e6mpe noget. Det kan skyldes stress, milj\u00f8gifte, affaldsstoffer fra vores egne celler og meget andet. Vores krop er forunderlig, og med den rette hj\u00e6lp kan den tit udrette regul\u00e6re mirakler.<\/p>\n\n\n\n<figure class=\"wp-block-image size-large\"><img loading=\"lazy\" decoding=\"async\" width=\"1024\" height=\"683\" src=\"https:\/\/r\u00f8kind.dk\/wp-content\/uploads\/2026\/02\/kop-med-urter_lilartsy-1024x683.jpg\" alt=\"\" class=\"wp-image-620\" srcset=\"https:\/\/r\u00f8kind.dk\/wp-content\/uploads\/2026\/02\/kop-med-urter_lilartsy-1024x683.jpg 1024w, https:\/\/r\u00f8kind.dk\/wp-content\/uploads\/2026\/02\/kop-med-urter_lilartsy-300x200.jpg 300w, https:\/\/r\u00f8kind.dk\/wp-content\/uploads\/2026\/02\/kop-med-urter_lilartsy-768x512.jpg 768w, https:\/\/r\u00f8kind.dk\/wp-content\/uploads\/2026\/02\/kop-med-urter_lilartsy-272x182.jpg 272w, https:\/\/r\u00f8kind.dk\/wp-content\/uploads\/2026\/02\/kop-med-urter_lilartsy.jpg 1200w\" sizes=\"auto, (max-width: 1024px) 100vw, 1024px\" \/><\/figure>\n","protected":false},"excerpt":{"rendered":"<p>OM ALMEN NATURMEDICINSK PRAKSISEn Almen Praktiserende Naturmediciner er det man p\u00e5 tysk kalder en \u201dHeilpraktiker\u201d.I Tyskland benyttes heilpraktikeren til sygdomsforebyggelse og komplement\u00e6r behandling og som supplement til den alm. praktiserende l\u00e6ge. En stor del af naturmedicinerens v\u00e6rkt\u00f8jer er de hom\u00f8opatiske l\u00e6gemidler og cellesalte der bygger p\u00e5 kroppens egne helbredelses- og opretholdelses-mekanismer. Man kigger p\u00e5 skelet\u00e6re [&hellip;]<\/p>\n","protected":false},"author":1,"featured_media":0,"parent":0,"menu_order":0,"comment_status":"closed","ping_status":"closed","template":"","meta":{"footnotes":""},"class_list":["post-617","page","type-page","status-publish","hentry","post"],"_links":{"self":[{"href":"https:\/\/r\u00f8kind.dk\/index.php?rest_route=\/wp\/v2\/pages\/617","targetHints":{"allow":["GET"]}}],"collection":[{"href":"https:\/\/r\u00f8kind.dk\/index.php?rest_route=\/wp\/v2\/pages"}],"about":[{"href":"https:\/\/r\u00f8kind.dk\/index.php?rest_route=\/wp\/v2\/types\/page"}],"author":[{"embeddable":true,"href":"https:\/\/r\u00f8kind.dk\/index.php?rest_route=\/wp\/v2\/users\/1"}],"replies":[{"embeddable":true,"href":"https:\/\/r\u00f8kind.dk\/index.php?rest_route=%2Fwp%2Fv2%2Fcomments&post=617"}],"version-history":[{"count":5,"href":"https:\/\/r\u00f8kind.dk\/index.php?rest_route=\/wp\/v2\/pages\/617\/revisions"}],"predecessor-version":[{"id":706,"href":"https:\/\/r\u00f8kind.dk\/index.php?rest_route=\/wp\/v2\/pages\/617\/revisions\/706"}],"wp:attachment":[{"href":"https:\/\/r\u00f8kind.dk\/index.php?rest_route=%2Fwp%2Fv2%2Fmedia&parent=617"}],"curies":[{"name":"wp","href":"https:\/\/api.w.org\/{rel}","templated":true}]}}