{"id":442,"date":"2026-02-04T14:12:45","date_gmt":"2026-02-04T13:12:45","guid":{"rendered":"https:\/\/r\u00f8kind.dk\/?page_id=442"},"modified":"2026-05-11T09:42:10","modified_gmt":"2026-05-11T07:42:10","slug":"ehs","status":"publish","type":"page","link":"https:\/\/r\u00f8kind.dk\/?page_id=442","title":{"rendered":"EHS"},"content":{"rendered":"\n<figure class=\"wp-block-image size-full\"><img loading=\"lazy\" decoding=\"async\" width=\"1200\" height=\"630\" src=\"https:\/\/r\u00f8kind.dk\/wp-content\/uploads\/2025\/02\/elv.jpg\" alt=\"\" class=\"wp-image-325\" srcset=\"https:\/\/r\u00f8kind.dk\/wp-content\/uploads\/2025\/02\/elv.jpg 1200w, https:\/\/r\u00f8kind.dk\/wp-content\/uploads\/2025\/02\/elv-300x158.jpg 300w, https:\/\/r\u00f8kind.dk\/wp-content\/uploads\/2025\/02\/elv-1024x538.jpg 1024w, https:\/\/r\u00f8kind.dk\/wp-content\/uploads\/2025\/02\/elv-768x403.jpg 768w\" sizes=\"auto, (max-width: 1200px) 100vw, 1200px\" \/><\/figure>\n\n\n\n<p><strong>Bliver du syg af elektromagnetisk str\u00e5ling?<\/strong><br>Til dig der har problemer med elektromagnetisk str\u00e5ling kan jeg tilbyde behandling og r\u00e5dgivning i str\u00e5lingsfri omgivelser. <br><br>Elektrohypersensitivitet (EHS) kommer sj\u00e6ldent alene, men er ofte kulminationen af flere \u00e5rs uforklarlige symptomer og helbreds-gener der pludselig \u00e6ndrer karakter i forbindelse med et fysisk eller psykisk traume eller en voldsom eksponering for en bestemt type str\u00e5ling. Set i bakspejlet er der m\u00e5ske pludselig tidligere symptomer og sammenh\u00e6nge der giver mening, men nu er kroppen hermed &#8220;tiltet&#8221; og ved mindste eksponering kan kroppen efterf\u00f8lgende komme ind i en NO\/ONOO cyklus, af andre kendt som reaktiv oxidativt stress, der kaster hele systemet ud i en kaskade af degenerende processer. Heriblandt kan b\u00e5de kredsl\u00f8b, hjerne og ford\u00f8jelse, hud og meget mere blive ramt.<br><br>Alt efter hvor sv\u00e6rt man er ramt, er der gode muligheder for at afhj\u00e6lpe og lette  symptomer og hj\u00e6lpe kroppen af med co-faktorer, der skaber yderligere pres p\u00e5 immunsystemet. Der er folk som lykkes med at h\u00e6ve deres intolerancet\u00e6rskel s\u00e5 de kan fungere i hverdagen med visse hensyn, og igen andre hvor symptomerne er s\u00e5 invaliderende, at her skal arbejdes m\u00e5lrettet og systematisk for at f\u00e5 ryddet op i tungmetaller, ford\u00f8jelsessystemet og traumer og p\u00e5 et h\u00f8jere energetisk plan.<br>Jeg vil se p\u00e5 din problematik med naturmedicinske briller, og ogs\u00e5 med en god lang personlig erfaring i bagagen. Din krop og din historie er unik og din vej til helbredelse liges\u00e5. Som med alle andre klienter vil behandlingen v\u00e6re komplement\u00e6r i forhold til evt. forl\u00f8b i den almene sundhedssektor. <br><br><strong>Til dig som er ny i dette felt:<\/strong><br>Nogles opfattelse er at alt dette med gener fra str\u00e5ling&#8221;bare&#8221; har noget med psyken at g\u00f8re, men dels er str\u00e5lingen langt mere skadelig end man har villet anerkende officielt &#8211; ogs\u00e5 for raske mennesker &#8211; dels er der forskning der p\u00e5viser kemiske forandringer i hjernen som er markant anderledes hos EHS-ramte end ved den alm. elektromagnetiske naturlige intolerance, der findes i mere eller mindre grad hos den st\u00f8rste del af befolkningen. Mange kan godt m\u00e6rke str\u00e5ling, men bliver ikke direkte syge af den. Hos moderat- til sv\u00e6rt EHS-ramte udl\u00f8ser str\u00e5lingen en ekstrem m\u00e6ngde af oxidativ stress (OS) med en efterf\u00f8lgende kaskade af symptomer, og der skal dermed arbejdes mere dybdeg\u00e5ende for at f\u00e5 kroppen tilbage i balance hver gang den overbelastes af str\u00e5ling.<br><br>For alle kan det derfor godt betale sig at omg\u00e5s tr\u00e5dl\u00f8s teknik med omtanke, og begr\u00e6nse ens eksponering i dagligdagen, da det er utroligt sv\u00e6rt og en langsommelig process at komme tilbage p\u00e5 fode n\u00e5r f\u00f8rst kroppens naturlige forsvar overfor elektromagnetisk str\u00e5ling er &#8220;\u00f8delagt&#8221;.<br><br>EHS-ramte har rigtig sv\u00e6re vilk\u00e5r i dagens sygehusv\u00e6sen og der foreg\u00e5r en stadig politisk kamp om anerkendelsen, b\u00e5de af den omfattende forskning, der har fundet biomark\u00f8rer og har sporet sig ind p\u00e5 \u00e6tiologi (\u00e5rsag og oprindelse) og mulige diagnosticerings-metoder, samt anerkendelsen af problemets omfang.<br><br>Det efterlader en gruppe mennesker uden sikkerhedsnet, enkelte med meget uheldige episoder og ubehagelige oplevelser i sundhedssektoren, fordi mange ansatte i vores sundhedsv\u00e6sen ikke kender til den viden og forskning der reelt eksisterer p\u00e5 omr\u00e5det.<br><br>Heldigvis er det kommet s\u00e5 langt, at nogle EHS-ramte har f\u00e5et anerkendt det funktionelle handikap i forhold til adgangen til samfundet og har f\u00e5et tilkendt hj\u00e6lpemidler og f\u00f8rtidspension.<br>Men behandlingsmetoder i det etablerede sundhedssystem ud over kognitiv terapi &#8211; som ikke rigtigt adresserer det egentlige problem &#8211; skal man ofte kigge langt efter.<br><br><br><\/p>\n","protected":false},"excerpt":{"rendered":"<p>Bliver du syg af elektromagnetisk str\u00e5ling?Til dig der har problemer med elektromagnetisk str\u00e5ling kan jeg tilbyde behandling og r\u00e5dgivning i str\u00e5lingsfri omgivelser. Elektrohypersensitivitet (EHS) kommer sj\u00e6ldent alene, men er ofte kulminationen af flere \u00e5rs uforklarlige symptomer og helbreds-gener der pludselig \u00e6ndrer karakter i forbindelse med et fysisk eller psykisk traume eller en voldsom eksponering for [&hellip;]<\/p>\n","protected":false},"author":1,"featured_media":0,"parent":0,"menu_order":0,"comment_status":"closed","ping_status":"closed","template":"","meta":{"footnotes":""},"class_list":["post-442","page","type-page","status-publish","hentry","post"],"_links":{"self":[{"href":"https:\/\/r\u00f8kind.dk\/index.php?rest_route=\/wp\/v2\/pages\/442","targetHints":{"allow":["GET"]}}],"collection":[{"href":"https:\/\/r\u00f8kind.dk\/index.php?rest_route=\/wp\/v2\/pages"}],"about":[{"href":"https:\/\/r\u00f8kind.dk\/index.php?rest_route=\/wp\/v2\/types\/page"}],"author":[{"embeddable":true,"href":"https:\/\/r\u00f8kind.dk\/index.php?rest_route=\/wp\/v2\/users\/1"}],"replies":[{"embeddable":true,"href":"https:\/\/r\u00f8kind.dk\/index.php?rest_route=%2Fwp%2Fv2%2Fcomments&post=442"}],"version-history":[{"count":41,"href":"https:\/\/r\u00f8kind.dk\/index.php?rest_route=\/wp\/v2\/pages\/442\/revisions"}],"predecessor-version":[{"id":712,"href":"https:\/\/r\u00f8kind.dk\/index.php?rest_route=\/wp\/v2\/pages\/442\/revisions\/712"}],"wp:attachment":[{"href":"https:\/\/r\u00f8kind.dk\/index.php?rest_route=%2Fwp%2Fv2%2Fmedia&parent=442"}],"curies":[{"name":"wp","href":"https:\/\/api.w.org\/{rel}","templated":true}]}}