{"id":182,"date":"2025-02-13T17:06:22","date_gmt":"2025-02-13T16:06:22","guid":{"rendered":"https:\/\/r\u00f8kind.dk\/?page_id=182"},"modified":"2026-05-11T10:01:50","modified_gmt":"2026-05-11T08:01:50","slug":"egen-lydterapi-hold","status":"publish","type":"page","link":"https:\/\/r\u00f8kind.dk\/?page_id=182","title":{"rendered":"Om mig"},"content":{"rendered":"\n<p>Jeg, Christina Funch har v\u00e6ret prof. musiker, pianist, organist og korleder i mere end 20 \u00e5r.<br>I 2022 startede jeg p\u00e5 naturmedicinske studier p\u00e5 heilpraktikerskolen og venter at afslutte som Almen Praktiserende Naturmediciner &#8211; ogs\u00e5 kaldt Heilpraktiker i juni 2026. Studiet er RAB-godkendt og er den bredeste, mest grundl\u00e6ggende, og blandt de mest anerkendte uddannelser i naturmedicin i Danmark.<\/p>\n\n\n\n<p>Jeg har ogs\u00e5 gennemf\u00f8rt kinergetics 1-6 p\u00e5 kinesiologi-akademiet. Det er en speciel gren af kinesiologien, som besk\u00e6ftiger sig med energetisk behandling af traumer, tungmetalafgiftning, k\u00e6be- og muskelsp\u00e6ndinger igennem kroppens energifelter.<\/p>\n\n\n\n<h3 class=\"wp-block-heading\">Min egen rejse<\/h3>\n\n\n\n<p>Min rejse ud i naturmedicinen startede som en s\u00f8gen efter en l\u00f8sning p\u00e5 mine helbredsproblemer. <br>I 2014 efter 5-6 \u00e5rs tiltagende skrantende helbred, f\u00f8leforstyrrelser, hjertearytmier, tarmdysbioser og f\u00f8devareintolerancer gik jeg ned med en voldsom stress. S\u00e5 voldsom at jeg udviklede det der kaldes elektromagnetisk hypersensitivitet (EHS) eller elektromagnetisk intolerance syndrom (EIS). <br>EHS er en lidelse der har meget sv\u00e6re k\u00e5r i det etablerede system, der hverken interesserer sig for eller anerkender de fysiske skader flere og flere f\u00e5r af den massive str\u00e5lingsforurening fra tr\u00e5dl\u00f8se apparater og mobilmasterne i vores omgivelser. <br>Til min store overraskelse opdagede jeg, da jeg fik kablet alle forbindelser i mit hjem og afsk\u00e6rmet v\u00e6gge mod naboers tr\u00e5dl\u00f8se netv\u00e6rk, at mit helbred \u00f8jeblikkeligt blev meget bedre og jeg fik en forklaring p\u00e5 flere helbredsproblemer jeg havde haft gennem mange \u00e5r. Det gav kr\u00e6fter til at arbejde. <br><br>Fra 2015 til 2022 var jeg formand for EHS-Foreningen og i den periode lykkedes det i kraft af virkelige dygtige kompetencer i foreningen at f\u00e5 en h\u00f8ring p\u00e5 Christiansborg om b\u00f8rn og tr\u00e5dl\u00f8s forurening i 2018. Det aff\u00f8dte en konference samme sted i 2019 arrangeret af to politikere og EHS-Foreningen i samarbejde med andre organisationer, hvor der blev lavet et opsigtsv\u00e6kkende advokat responsum om 5G udrulningen.<br>I 2022 valgte jeg at tr\u00e6de ud af bestyrelsesarbejdet for at koncentrere mig om naturmedicinske studier, og har herigennem f\u00e5et indsigt i mange andre forurenende milj\u00f8faktorer, de stigende folkesygdomme og sammenh\u00e6ngen mellem krop og sygdom. <br>Det gav ogs\u00e5 en indsigt i kroppens fantastiske evne til at regenerere og hvordan vi er omgivet af natur, gamle n\u00e6sten glemte naturmedicinske opdagelser og et skaberv\u00e6rk der er fuld af uudnyttet potentiale.<br> At f\u00e5 kroppen tilbage i balance kr\u00e6ver dedikation og t\u00e5lmodighed (paitience=patient) og som oftest igangs\u00e6tning, hj\u00e6lp og st\u00f8tte udefra &#8211; men det giver en fornemmelse af livskraft og intuition, og af selv at blive herre\/kvinde i eget hus. <br><br>Kontakt mig p\u00e5 <a href=\"mailto:din-naturmediciner.dk\">info@din-naturmediciner.dk<\/a><br>Tlf. 32 22 33 11 (modtager ikke SMS s\u00e5 l\u00e6g en indtalt besked eller brug venligst mail eller kontaktfeltet p\u00e5 hjemmesiden)<br><br><br><\/p>\n\n\n\n<p><br><br><br><\/p>\n","protected":false},"excerpt":{"rendered":"<p>Jeg, Christina Funch har v\u00e6ret prof. musiker, pianist, organist og korleder i mere end 20 \u00e5r.I 2022 startede jeg p\u00e5 naturmedicinske studier p\u00e5 heilpraktikerskolen og venter at afslutte som Almen Praktiserende Naturmediciner &#8211; ogs\u00e5 kaldt Heilpraktiker i juni 2026. Studiet er RAB-godkendt og er den bredeste, mest grundl\u00e6ggende, og blandt de mest anerkendte uddannelser i [&hellip;]<\/p>\n","protected":false},"author":1,"featured_media":0,"parent":0,"menu_order":0,"comment_status":"closed","ping_status":"closed","template":"","meta":{"footnotes":""},"class_list":["post-182","page","type-page","status-publish","hentry","post"],"_links":{"self":[{"href":"https:\/\/r\u00f8kind.dk\/index.php?rest_route=\/wp\/v2\/pages\/182","targetHints":{"allow":["GET"]}}],"collection":[{"href":"https:\/\/r\u00f8kind.dk\/index.php?rest_route=\/wp\/v2\/pages"}],"about":[{"href":"https:\/\/r\u00f8kind.dk\/index.php?rest_route=\/wp\/v2\/types\/page"}],"author":[{"embeddable":true,"href":"https:\/\/r\u00f8kind.dk\/index.php?rest_route=\/wp\/v2\/users\/1"}],"replies":[{"embeddable":true,"href":"https:\/\/r\u00f8kind.dk\/index.php?rest_route=%2Fwp%2Fv2%2Fcomments&post=182"}],"version-history":[{"count":30,"href":"https:\/\/r\u00f8kind.dk\/index.php?rest_route=\/wp\/v2\/pages\/182\/revisions"}],"predecessor-version":[{"id":718,"href":"https:\/\/r\u00f8kind.dk\/index.php?rest_route=\/wp\/v2\/pages\/182\/revisions\/718"}],"wp:attachment":[{"href":"https:\/\/r\u00f8kind.dk\/index.php?rest_route=%2Fwp%2Fv2%2Fmedia&parent=182"}],"curies":[{"name":"wp","href":"https:\/\/api.w.org\/{rel}","templated":true}]}}