{"id":13,"date":"2025-02-13T00:00:44","date_gmt":"2025-02-13T00:00:44","guid":{"rendered":"https:\/\/r\u00f8kind.dk\/?page_id=13"},"modified":"2026-05-11T08:48:12","modified_gmt":"2026-05-11T06:48:12","slug":"velkommen-til-vocal-wellness-pa-sydfyn","status":"publish","type":"page","link":"https:\/\/r\u00f8kind.dk\/","title":{"rendered":"Velkommen til Klinik R\u00f8kind"},"content":{"rendered":"\n<div class=\"wp-block-columns alignwide is-layout-flex wp-container-core-columns-is-layout-9d6595d7 wp-block-columns-is-layout-flex\">\n<div class=\"wp-block-column is-layout-flow wp-block-column-is-layout-flow\">\n<p><strong>Er du tr\u00e6t og mangler du energi? Har du intolerancer, ford\u00f8jelsesproblemer eller har du uforklarlige smerter?<br>Lider du af bivirkninger fra medicinske behandlinger?<br>Er dit immunforsvar i bund?<\/strong><\/p>\n\n\n\n<p>Jeg tilbyder naturmedicinsk behandling, hvor vi arbejder med dit helbred ud fra et helhedsperspektiv. M\u00e5let er at spore os ind p\u00e5 det st\u00f8rre billede omkring din sygdom\/tilstand og igangs\u00e6tte kroppens egne helende egenskaber og st\u00f8tte bedst muligt op via naturmedicinske metoder. Som supplement anvender jeg auriculoterapi (\u00f8reakupunktur), kinesiologisk afbalancering og manuelle terapier, da et godt og solidt resultat opn\u00e5s p\u00e5 flere niveauer. <\/p>\n\n\n\n<p><strong><mark style=\"background-color:rgba(0, 0, 0, 0)\" class=\"has-inline-color has-vivid-cyan-blue-color\">BOOKING<\/mark><\/strong><br>Du kan <a href=\"https:\/\/klinik-roekind.planway.com\">bestille en tid online<\/a> til behandling ved at klikke <a href=\"https:\/\/klinik-roekind.planway.com\">her.<\/a><br><br><strong>KONTAKT<\/strong><br><strong>Christina Funch<\/strong><br> <a href=\"mailto:info@din-naturmediciner.dk\">info@din-naturmediciner.dk<\/a><br>Hundstrupvej 38, 5750 Ringe<br>tlf. 32 22 33 11 (OBS modtager ikke SMS)<br><\/p>\n\n\n\n<p>Alternativt er du velkommen til at kontakte mig via skemaet nedenunder. <br>Skriv dit \u00e6rinde og gerne lidt om dine helbreds problematikker og jeg vil vende tilbage til dig. <br>Har du sp\u00f8rgsm\u00e5l kan du altid ringe til klinikken p\u00e5 tlf. 32 22 33 11.  Hvis ikke jeg svarer s\u00e5 l\u00e6g en talebesked og jeg vil ringe tilbage.<\/p>\n\n\n<style id=\"wpforms-css-vars-143-block-1d874ef7-4ca9-4d17-b9c4-2fe472cae98d\">\n\t\t\t\t#wpforms-143.wpforms-block-1d874ef7-4ca9-4d17-b9c4-2fe472cae98d {\n\t\t\t\t--wpforms-field-size-input-height: 43px;\n--wpforms-field-size-input-spacing: 15px;\n--wpforms-field-size-font-size: 16px;\n--wpforms-field-size-line-height: 19px;\n--wpforms-field-size-padding-h: 14px;\n--wpforms-field-size-checkbox-size: 16px;\n--wpforms-field-size-sublabel-spacing: 5px;\n--wpforms-field-size-icon-size: 1;\n--wpforms-label-size-font-size: 16px;\n--wpforms-label-size-line-height: 19px;\n--wpforms-label-size-sublabel-font-size: 14px;\n--wpforms-label-size-sublabel-line-height: 17px;\n--wpforms-button-size-font-size: 17px;\n--wpforms-button-size-height: 41px;\n--wpforms-button-size-padding-h: 15px;\n--wpforms-button-size-margin-top: 10px;\n\t\t\t}\n\t\t\t<\/style><div class=\"wpforms-container wpforms-container-full wpforms-block wpforms-block-1d874ef7-4ca9-4d17-b9c4-2fe472cae98d wpforms-render-modern\" id=\"wpforms-143\"><form id=\"wpforms-form-143\" class=\"wpforms-validate wpforms-form wpforms-ajax-form\" data-formid=\"143\" method=\"post\" enctype=\"multipart\/form-data\" action=\"\/index.php?rest_route=%2Fwp%2Fv2%2Fpages%2F13\" data-token=\"0f419b5fef4ff0912f960de4f60936f9\" data-token-time=\"1778610581\"><noscript class=\"wpforms-error-noscript\">Please enable JavaScript in your browser to complete this form.<\/noscript><div id=\"wpforms-error-noscript\" style=\"display: none;\">Please enable JavaScript in your browser to complete this form.<\/div><div class=\"wpforms-field-container\">\t\t<div id=\"wpforms-143-field_4-container\"\n\t\t\tclass=\"wpforms-field wpforms-field-text\"\n\t\t\tdata-field-type=\"text\"\n\t\t\tdata-field-id=\"4\"\n\t\t\t>\n\t\t\t<label class=\"wpforms-field-label\" for=\"wpforms-143-field_4\" >Besked Navn Email<\/label>\n\t\t\t<input type=\"text\" id=\"wpforms-143-field_4\" class=\"wpforms-field-medium\" name=\"wpforms[fields][4]\" >\n\t\t<\/div>\n\t\t<div id=\"wpforms-143-field_1-container\" class=\"wpforms-field wpforms-field-name\" data-field-id=\"1\"><label class=\"wpforms-field-label\" for=\"wpforms-143-field_1\">Navn <span class=\"wpforms-required-label\" aria-hidden=\"true\">*<\/span><\/label><input type=\"text\" id=\"wpforms-143-field_1\" class=\"wpforms-field-large wpforms-field-required\" name=\"wpforms[fields][1]\" aria-errormessage=\"wpforms-143-field_1-error\" required><\/div><div id=\"wpforms-143-field_2-container\" class=\"wpforms-field wpforms-field-email\" data-field-id=\"2\"><label class=\"wpforms-field-label\" for=\"wpforms-143-field_2\">Email <span class=\"wpforms-required-label\" aria-hidden=\"true\">*<\/span><\/label><input type=\"email\" id=\"wpforms-143-field_2\" class=\"wpforms-field-large wpforms-field-required\" name=\"wpforms[fields][2]\" spellcheck=\"false\" aria-errormessage=\"wpforms-143-field_2-error\" required><\/div><div id=\"wpforms-143-field_3-container\" class=\"wpforms-field wpforms-field-textarea\" data-field-id=\"3\"><label class=\"wpforms-field-label\" for=\"wpforms-143-field_3\">Besked <span class=\"wpforms-required-label\" aria-hidden=\"true\">*<\/span><\/label><textarea id=\"wpforms-143-field_3\" class=\"wpforms-field-medium wpforms-field-required\" name=\"wpforms[fields][3]\" aria-errormessage=\"wpforms-143-field_3-error\" required><\/textarea><\/div><script>\n\t\t\t\t( function() {\n\t\t\t\t\tconst style = document.createElement( 'style' );\n\t\t\t\t\tstyle.appendChild( document.createTextNode( '#wpforms-143-field_4-container { position: absolute !important; overflow: hidden !important; display: inline !important; height: 1px !important; width: 1px !important; z-index: -1000 !important; padding: 0 !important; } #wpforms-143-field_4-container input { visibility: hidden; } #wpforms-conversational-form-page #wpforms-143-field_4-container label { counter-increment: none; }' ) );\n\t\t\t\t\tdocument.head.appendChild( style );\n\t\t\t\t\tdocument.currentScript?.remove();\n\t\t\t\t} )();\n\t\t\t<\/script><\/div><!-- .wpforms-field-container --><div class=\"wpforms-submit-container\" ><input type=\"hidden\" name=\"wpforms[id]\" value=\"143\"><input type=\"hidden\" name=\"page_title\" value=\"\"><input type=\"hidden\" name=\"page_url\" value=\"https:\/\/r\u00f8kind.dk\/index.php?rest_route=\/wp\/v2\/pages\/13\"><input type=\"hidden\" name=\"url_referer\" value=\"\"><button type=\"submit\" name=\"wpforms[submit]\" id=\"wpforms-submit-143\" class=\"wpforms-submit\" data-alt-text=\"Sender...\" data-submit-text=\"Send\" aria-live=\"assertive\" value=\"wpforms-submit\">Send<\/button><img loading=\"lazy\" decoding=\"async\" src=\"https:\/\/r\u00f8kind.dk\/wp-content\/plugins\/wpforms-lite\/assets\/images\/submit-spin.svg\" class=\"wpforms-submit-spinner\" style=\"display: none;\" width=\"26\" height=\"26\" alt=\"Loading\"><\/div><\/form><\/div>  <!-- .wpforms-container --><\/div>\n<\/div>\n\n\n\n<p><\/p>\n\n\n\n<p><\/p>\n","protected":false},"excerpt":{"rendered":"<p>Er du tr\u00e6t og mangler du energi? Har du intolerancer, ford\u00f8jelsesproblemer eller har du uforklarlige smerter?Lider du af bivirkninger fra medicinske behandlinger?Er dit immunforsvar i bund? Jeg tilbyder naturmedicinsk behandling, hvor vi arbejder med dit helbred ud fra et helhedsperspektiv. M\u00e5let er at spore os ind p\u00e5 det st\u00f8rre billede omkring din sygdom\/tilstand og igangs\u00e6tte [&hellip;]<\/p>\n","protected":false},"author":1,"featured_media":0,"parent":0,"menu_order":0,"comment_status":"closed","ping_status":"closed","template":"","meta":{"footnotes":""},"class_list":["post-13","page","type-page","status-publish","hentry","post"],"_links":{"self":[{"href":"https:\/\/r\u00f8kind.dk\/index.php?rest_route=\/wp\/v2\/pages\/13","targetHints":{"allow":["GET"]}}],"collection":[{"href":"https:\/\/r\u00f8kind.dk\/index.php?rest_route=\/wp\/v2\/pages"}],"about":[{"href":"https:\/\/r\u00f8kind.dk\/index.php?rest_route=\/wp\/v2\/types\/page"}],"author":[{"embeddable":true,"href":"https:\/\/r\u00f8kind.dk\/index.php?rest_route=\/wp\/v2\/users\/1"}],"replies":[{"embeddable":true,"href":"https:\/\/r\u00f8kind.dk\/index.php?rest_route=%2Fwp%2Fv2%2Fcomments&post=13"}],"version-history":[{"count":140,"href":"https:\/\/r\u00f8kind.dk\/index.php?rest_route=\/wp\/v2\/pages\/13\/revisions"}],"predecessor-version":[{"id":702,"href":"https:\/\/r\u00f8kind.dk\/index.php?rest_route=\/wp\/v2\/pages\/13\/revisions\/702"}],"wp:attachment":[{"href":"https:\/\/r\u00f8kind.dk\/index.php?rest_route=%2Fwp%2Fv2%2Fmedia&parent=13"}],"curies":[{"name":"wp","href":"https:\/\/api.w.org\/{rel}","templated":true}]}}